{"id":119,"date":"2022-02-06T20:06:17","date_gmt":"2022-02-06T19:06:17","guid":{"rendered":"https:\/\/fabio-crea.be\/?page_id=119"},"modified":"2022-08-06T08:00:44","modified_gmt":"2022-08-06T06:00:44","slug":"a-propos","status":"publish","type":"page","link":"https:\/\/fabio-crea.be\/index.php\/a-propos\/","title":{"rendered":"A propos"},"content":{"rendered":"\n<p><strong>Connaissez-vous les aliments ultra-transform\u00e9s ? Votre avis m\u2019int\u00e9resse !<\/strong><\/p>\n\n\n\n<p>Dans le cadre du travail de fin d\u2019\u00e9tudes de mon bachelier en di\u00e9t\u00e9tique \u00e0 la HELDB, il est question de r\u00e9aliser des outils permettant d\u2019am\u00e9liorer les connaissances de la population domicili\u00e9e en Belgique sur le th\u00e8me des aliments ultra-transform\u00e9s. Afin d\u2019\u00e9valuer la pertinence de ces outils, il y a lieu d\u2019effectuer une \u00e9valuation pr\u00e9alable de vos connaissances \u00e0 ce sujet. Apr\u00e8s cette \u00e9tape, je mettrai \u00e0 votre disposition les outils informatifs sous forme de brochure, site internet et poster. Ensuite, une p\u00e9riode de maximum 10 jours vous sera accord\u00e9e afin de les utiliser. Vous serez alors invit\u00e9s \u00e0 compl\u00e9ter un nouveau questionnaire dont les r\u00e9sultats pourront \u00eatre compar\u00e9s \u00e0 ceux de cette enqu\u00eate pr\u00e9alable. Les r\u00e9ponses resteront anonymes.<\/p>\n\n\n\n<p><u><strong>Conditions de participation :<\/strong><\/u><\/p>\n\n\n\n<ul class=\"wp-block-list\"><li>avoir entre 18 et 65 ans<\/li><li>\u00eatre domicili\u00e9 en Belgique<\/li><li>profession ou \u00e9ducation hors du milieu de la di\u00e9t\u00e9tique ou de la nutrition<\/li><\/ul>\n\n\n\n<p>Votre participation est pr\u00e9cieuse et je vous en remercie d\u2019avance.<\/p>\n\n\n\n<p><i><strong>Fabio CREA<\/strong><\/i><\/p>\n\n\n<div class=\"wp-block-image\">\n<figure class=\"aligncenter size-full is-resized\"><img loading=\"lazy\" decoding=\"async\" src=\"https:\/\/fabio-crea.be\/wp-content\/uploads\/2022\/02\/photo-site-internet_reduite.png\" alt=\"\" class=\"wp-image-61\" width=\"286\" height=\"305\"\/><\/figure>\n<\/div>","protected":false},"excerpt":{"rendered":"<p>Connaissez-vous les aliments ultra-transform\u00e9s ? Votre avis m\u2019int\u00e9resse ! Dans le cadre du travail de fin d\u2019\u00e9tudes de mon bachelier en di\u00e9t\u00e9tique \u00e0 la HELDB, il est question de r\u00e9aliser &hellip; <\/p>\n","protected":false},"author":1,"featured_media":0,"parent":0,"menu_order":0,"comment_status":"closed","ping_status":"closed","template":"","meta":{"footnotes":""},"class_list":["post-119","page","type-page","status-publish","hentry","has-meta has-sticky-meta"],"_links":{"self":[{"href":"https:\/\/fabio-crea.be\/index.php\/wp-json\/wp\/v2\/pages\/119","targetHints":{"allow":["GET"]}}],"collection":[{"href":"https:\/\/fabio-crea.be\/index.php\/wp-json\/wp\/v2\/pages"}],"about":[{"href":"https:\/\/fabio-crea.be\/index.php\/wp-json\/wp\/v2\/types\/page"}],"author":[{"embeddable":true,"href":"https:\/\/fabio-crea.be\/index.php\/wp-json\/wp\/v2\/users\/1"}],"replies":[{"embeddable":true,"href":"https:\/\/fabio-crea.be\/index.php\/wp-json\/wp\/v2\/comments?post=119"}],"version-history":[{"count":15,"href":"https:\/\/fabio-crea.be\/index.php\/wp-json\/wp\/v2\/pages\/119\/revisions"}],"predecessor-version":[{"id":785,"href":"https:\/\/fabio-crea.be\/index.php\/wp-json\/wp\/v2\/pages\/119\/revisions\/785"}],"wp:attachment":[{"href":"https:\/\/fabio-crea.be\/index.php\/wp-json\/wp\/v2\/media?parent=119"}],"curies":[{"name":"wp","href":"https:\/\/api.w.org\/{rel}","templated":true}]}}