{"id":126,"date":"2022-02-06T20:17:34","date_gmt":"2022-02-06T19:17:34","guid":{"rendered":"https:\/\/fabio-crea.be\/?page_id=126"},"modified":"2023-01-22T20:56:01","modified_gmt":"2023-01-22T19:56:01","slug":"promoteurs","status":"publish","type":"page","link":"https:\/\/fabio-crea.be\/index.php\/promoteurs\/","title":{"rendered":"Promoteurs"},"content":{"rendered":"\n<p><strong><em>DEPOORTERE Fabienne<\/em><\/strong> &#8211; Docteur en sciences biom\u00e9dicales, di\u00e9t\u00e9ticienne-nutritionniste &#8211; Ma\u00eetre assistante \u00e0 la HELDB<\/p>\n\n\n<div class=\"wp-block-image\">\n<figure class=\"aligncenter size-full is-resized\"><img decoding=\"async\" src=\"https:\/\/fabio-crea.be\/wp-content\/uploads\/2022\/02\/LOGO-HELDB.png\" alt=\"\" class=\"wp-image-152\" width=\"-23\" height=\"-9\" srcset=\"https:\/\/fabio-crea.be\/wp-content\/uploads\/2022\/02\/LOGO-HELDB.png 329w, https:\/\/fabio-crea.be\/wp-content\/uploads\/2022\/02\/LOGO-HELDB-300x119.png 300w\" sizes=\"(max-width: 329px) 100vw, 329px\" \/><\/figure>\n<\/div>\n\n\n<p class=\"has-text-align-center\">********<\/p>\n\n\n\n<p><strong><em>DELCOURT Arthur<\/em><\/strong> &#8211; Di\u00e9t\u00e9ticien-nutritionniste, titulaire d&rsquo;un master en Sciences Biom\u00e9dicales finalit\u00e9 Nutrition Humaine (UCLouvain) et un master en Biologie Int\u00e9grative et Physiologie Parcours Physiologie, Physiopathologies Humaines (Sorbonne universit\u00e9)<\/p>\n\n\n<div class=\"wp-block-image\">\n<figure class=\"aligncenter size-full is-resized\"><a href=\" https:\/\/www.youtube.com\/channel\/UCu5bhmwtHvs31oDdeCsKg0Q \"><img loading=\"lazy\" decoding=\"async\" src=\"https:\/\/fabio-crea.be\/wp-content\/uploads\/2022\/02\/Delcourt_logo_media_youtube.png\" alt=\"\" class=\"wp-image-145\" width=\"147\" height=\"147\" srcset=\"https:\/\/fabio-crea.be\/wp-content\/uploads\/2022\/02\/Delcourt_logo_media_youtube.png 280w, https:\/\/fabio-crea.be\/wp-content\/uploads\/2022\/02\/Delcourt_logo_media_youtube-150x150.png 150w\" sizes=\"auto, (max-width: 147px) 100vw, 147px\" \/><\/a><figcaption class=\"wp-element-caption\">Nutrition &amp; Sport &amp; Health<\/figcaption><\/figure>\n<\/div>\n\n\n<p class=\"has-text-align-center\">********<\/p>\n\n\n\n<p><strong><em>FARDET Anthony<\/em><\/strong> &#8211; <em>Ing\u00e9nieur agro-alimentaire, chercheur en alimentation pr\u00e9ventive, durable et holistique \u00e0 l\u2019INRAE, Unit\u00e9 de Nutrition Humaine<\/em>.<\/p>\n\n\n<div class=\"wp-block-image\">\n<figure class=\"aligncenter size-large is-resized\"><img loading=\"lazy\" decoding=\"async\" src=\"https:\/\/fabio-crea.be\/wp-content\/uploads\/2022\/08\/Logo-INRAE-1600x600-1-1024x278.jpg\" alt=\"\" class=\"wp-image-788\" width=\"330\" height=\"92\"\/><\/figure>\n<\/div>\n\n<div class=\"wp-block-image\">\n<figure class=\"aligncenter size-large\"><img loading=\"lazy\" decoding=\"async\" width=\"1017\" height=\"1024\" src=\"https:\/\/fabio-crea.be\/wp-content\/uploads\/2023\/01\/IMG_2381-1017x1024.jpg\" alt=\"\" class=\"wp-image-801\" srcset=\"https:\/\/fabio-crea.be\/wp-content\/uploads\/2023\/01\/IMG_2381-1017x1024.jpg 1017w, https:\/\/fabio-crea.be\/wp-content\/uploads\/2023\/01\/IMG_2381-298x300.jpg 298w, https:\/\/fabio-crea.be\/wp-content\/uploads\/2023\/01\/IMG_2381-150x150.jpg 150w, https:\/\/fabio-crea.be\/wp-content\/uploads\/2023\/01\/IMG_2381-768x773.jpg 768w, https:\/\/fabio-crea.be\/wp-content\/uploads\/2023\/01\/IMG_2381-1526x1536.jpg 1526w, https:\/\/fabio-crea.be\/wp-content\/uploads\/2023\/01\/IMG_2381-2035x2048.jpg 2035w\" sizes=\"auto, (max-width: 1017px) 100vw, 1017px\" \/><\/figure>\n<\/div>","protected":false},"excerpt":{"rendered":"<p>DEPOORTERE Fabienne &#8211; Docteur en sciences biom\u00e9dicales, di\u00e9t\u00e9ticienne-nutritionniste &#8211; Ma\u00eetre assistante \u00e0 la HELDB ******** DELCOURT Arthur &#8211; Di\u00e9t\u00e9ticien-nutritionniste, titulaire d&rsquo;un master en Sciences Biom\u00e9dicales finalit\u00e9 Nutrition Humaine (UCLouvain) et &hellip; <\/p>\n","protected":false},"author":1,"featured_media":0,"parent":0,"menu_order":0,"comment_status":"closed","ping_status":"closed","template":"","meta":{"footnotes":""},"class_list":["post-126","page","type-page","status-publish","hentry","has-meta has-sticky-meta"],"_links":{"self":[{"href":"https:\/\/fabio-crea.be\/index.php\/wp-json\/wp\/v2\/pages\/126","targetHints":{"allow":["GET"]}}],"collection":[{"href":"https:\/\/fabio-crea.be\/index.php\/wp-json\/wp\/v2\/pages"}],"about":[{"href":"https:\/\/fabio-crea.be\/index.php\/wp-json\/wp\/v2\/types\/page"}],"author":[{"embeddable":true,"href":"https:\/\/fabio-crea.be\/index.php\/wp-json\/wp\/v2\/users\/1"}],"replies":[{"embeddable":true,"href":"https:\/\/fabio-crea.be\/index.php\/wp-json\/wp\/v2\/comments?post=126"}],"version-history":[{"count":12,"href":"https:\/\/fabio-crea.be\/index.php\/wp-json\/wp\/v2\/pages\/126\/revisions"}],"predecessor-version":[{"id":809,"href":"https:\/\/fabio-crea.be\/index.php\/wp-json\/wp\/v2\/pages\/126\/revisions\/809"}],"wp:attachment":[{"href":"https:\/\/fabio-crea.be\/index.php\/wp-json\/wp\/v2\/media?parent=126"}],"curies":[{"name":"wp","href":"https:\/\/api.w.org\/{rel}","templated":true}]}}