{"id":762,"date":"2022-07-31T16:12:31","date_gmt":"2022-07-31T14:12:31","guid":{"rendered":"https:\/\/fabio-crea.be\/?page_id=762"},"modified":"2023-01-22T21:01:53","modified_gmt":"2023-01-22T20:01:53","slug":"poster-afdn","status":"publish","type":"page","link":"https:\/\/fabio-crea.be\/index.php\/poster-afdn\/","title":{"rendered":"Poster AFDN"},"content":{"rendered":"\n<div class=\"wp-block-file\"><a id=\"wp-block-file--media-15ecdb45-9c3a-4a11-9ff5-c1b4e91427e3\" href=\"https:\/\/fabio-crea.be\/wp-content\/uploads\/2022\/07\/Poster_AFDN_V01-1.pdf\">Poster_AFDN_V01<\/a><a href=\"https:\/\/fabio-crea.be\/wp-content\/uploads\/2022\/07\/Poster_AFDN_V01-1.pdf\" class=\"wp-block-file__button wp-element-button\" download aria-describedby=\"wp-block-file--media-15ecdb45-9c3a-4a11-9ff5-c1b4e91427e3\">T\u00e9l\u00e9charger<\/a><\/div>\n\n\n\n<p>Pour c\u00e9l\u00e9brer ses 60 ans, l\u2019AFDN (Association Fran\u00e7aise des Di\u00e9t\u00e9ticiens-Nutritionnistes) organise les Journ\u00e9es Europ\u00e9ennes francophones des Di\u00e9t\u00e9ticien.nes (JED) du 27 au 29 octobres 2022 au Centre des Congr\u00e8s de Lyon, en France. Ces journ\u00e9es r\u00e9unissent les membres de la profession, les acteurs de l\u2019industrie et les experts des sciences de la nutrition autour de contenus scientifiques et d\u2019actualit\u00e9s de qualit\u00e9. Afin de prendre part \u00e0 ces journ\u00e9es d\u2019\u00e9tudes et de candidater au Prix du meilleur poster, une nouvelle version de poster sur les aliments ultra-transform\u00e9s destin\u00e9e \u00e0 l\u2019AFDN a \u00e9t\u00e9 r\u00e9alis\u00e9e afin que celui-ci soit conforme aux crit\u00e8res de s\u00e9lections requis. <\/p>\n\n\n\n<p>Apr\u00e8s l\u2019envoi de cette nouvelle version de poster, le Comit\u00e9 Scientifique des JED et la Commission Scientifique et Recherche de l\u2019AFDN ont retenu la proposition de poster. Le poster ayant pour titre \u00ab&nbsp;\u00c9laboration d\u2019outils d\u2019information sur les aliments ultra-transform\u00e9s&nbsp;\u00bb sera donc pr\u00e9sent\u00e9 lors des 3 Journ\u00e9es Europ\u00e9ennes francophones des Di\u00e9t\u00e9ticiens \u00e0 Lyon et candidat\u00e9 au Prix du meilleur poster.&nbsp;<\/p>\n\n\n<div class=\"wp-block-image\">\n<figure class=\"aligncenter size-large\"><img loading=\"lazy\" decoding=\"async\" width=\"683\" height=\"1024\" src=\"https:\/\/fabio-crea.be\/wp-content\/uploads\/2022\/07\/Poster_AFDN_Site-683x1024.png\" alt=\"\" class=\"wp-image-775\" srcset=\"https:\/\/fabio-crea.be\/wp-content\/uploads\/2022\/07\/Poster_AFDN_Site-683x1024.png 683w, https:\/\/fabio-crea.be\/wp-content\/uploads\/2022\/07\/Poster_AFDN_Site-200x300.png 200w, https:\/\/fabio-crea.be\/wp-content\/uploads\/2022\/07\/Poster_AFDN_Site-768x1152.png 768w, https:\/\/fabio-crea.be\/wp-content\/uploads\/2022\/07\/Poster_AFDN_Site-1024x1536.png 1024w, https:\/\/fabio-crea.be\/wp-content\/uploads\/2022\/07\/Poster_AFDN_Site-1365x2048.png 1365w, https:\/\/fabio-crea.be\/wp-content\/uploads\/2022\/07\/Poster_AFDN_Site.png 1833w\" sizes=\"auto, (max-width: 683px) 100vw, 683px\" \/><\/figure>\n<\/div>\n\n<div class=\"wp-block-image\">\n<figure class=\"aligncenter size-large\"><img loading=\"lazy\" decoding=\"async\" width=\"1024\" height=\"768\" src=\"https:\/\/fabio-crea.be\/wp-content\/uploads\/2023\/01\/1700ac3a-ea89-4647-bfd7-a68e2b189403-17.44.30-1024x768.jpg\" alt=\"\" class=\"wp-image-796\" srcset=\"https:\/\/fabio-crea.be\/wp-content\/uploads\/2023\/01\/1700ac3a-ea89-4647-bfd7-a68e2b189403-17.44.30-1024x768.jpg 1024w, https:\/\/fabio-crea.be\/wp-content\/uploads\/2023\/01\/1700ac3a-ea89-4647-bfd7-a68e2b189403-17.44.30-300x225.jpg 300w, https:\/\/fabio-crea.be\/wp-content\/uploads\/2023\/01\/1700ac3a-ea89-4647-bfd7-a68e2b189403-17.44.30-768x576.jpg 768w, https:\/\/fabio-crea.be\/wp-content\/uploads\/2023\/01\/1700ac3a-ea89-4647-bfd7-a68e2b189403-17.44.30-1536x1152.jpg 1536w, https:\/\/fabio-crea.be\/wp-content\/uploads\/2023\/01\/1700ac3a-ea89-4647-bfd7-a68e2b189403-17.44.30.jpg 2048w\" sizes=\"auto, (max-width: 1024px) 100vw, 1024px\" \/><\/figure>\n<\/div>\n\n<div class=\"wp-block-image\">\n<figure class=\"aligncenter size-large\"><img loading=\"lazy\" decoding=\"async\" width=\"768\" height=\"1024\" src=\"https:\/\/fabio-crea.be\/wp-content\/uploads\/2023\/01\/IMG_2416-17.44.30-768x1024.jpg\" alt=\"\" class=\"wp-image-798\" srcset=\"https:\/\/fabio-crea.be\/wp-content\/uploads\/2023\/01\/IMG_2416-17.44.30-768x1024.jpg 768w, https:\/\/fabio-crea.be\/wp-content\/uploads\/2023\/01\/IMG_2416-17.44.30-225x300.jpg 225w, https:\/\/fabio-crea.be\/wp-content\/uploads\/2023\/01\/IMG_2416-17.44.30-1152x1536.jpg 1152w, https:\/\/fabio-crea.be\/wp-content\/uploads\/2023\/01\/IMG_2416-17.44.30-1536x2048.jpg 1536w, https:\/\/fabio-crea.be\/wp-content\/uploads\/2023\/01\/IMG_2416-17.44.30-scaled.jpg 1920w\" sizes=\"auto, (max-width: 768px) 100vw, 768px\" \/><\/figure>\n<\/div>\n\n<div class=\"wp-block-image\">\n<figure class=\"aligncenter size-large\"><img loading=\"lazy\" decoding=\"async\" width=\"768\" height=\"1024\" src=\"https:\/\/fabio-crea.be\/wp-content\/uploads\/2023\/01\/IMG_2272-17.44.30-1-768x1024.jpg\" alt=\"\" class=\"wp-image-817\" srcset=\"https:\/\/fabio-crea.be\/wp-content\/uploads\/2023\/01\/IMG_2272-17.44.30-1-768x1024.jpg 768w, https:\/\/fabio-crea.be\/wp-content\/uploads\/2023\/01\/IMG_2272-17.44.30-1-225x300.jpg 225w, https:\/\/fabio-crea.be\/wp-content\/uploads\/2023\/01\/IMG_2272-17.44.30-1-1152x1536.jpg 1152w, https:\/\/fabio-crea.be\/wp-content\/uploads\/2023\/01\/IMG_2272-17.44.30-1-1536x2048.jpg 1536w, https:\/\/fabio-crea.be\/wp-content\/uploads\/2023\/01\/IMG_2272-17.44.30-1-scaled.jpg 1920w\" sizes=\"auto, (max-width: 768px) 100vw, 768px\" \/><\/figure>\n<\/div>","protected":false},"excerpt":{"rendered":"<p>Pour c\u00e9l\u00e9brer ses 60 ans, l\u2019AFDN (Association Fran\u00e7aise des Di\u00e9t\u00e9ticiens-Nutritionnistes) organise les Journ\u00e9es Europ\u00e9ennes francophones des Di\u00e9t\u00e9ticien.nes (JED) du 27 au 29 octobres 2022 au Centre des Congr\u00e8s de Lyon, &hellip; <\/p>\n","protected":false},"author":1,"featured_media":0,"parent":0,"menu_order":0,"comment_status":"closed","ping_status":"closed","template":"","meta":{"footnotes":""},"class_list":["post-762","page","type-page","status-publish","hentry","has-meta has-sticky-meta"],"_links":{"self":[{"href":"https:\/\/fabio-crea.be\/index.php\/wp-json\/wp\/v2\/pages\/762","targetHints":{"allow":["GET"]}}],"collection":[{"href":"https:\/\/fabio-crea.be\/index.php\/wp-json\/wp\/v2\/pages"}],"about":[{"href":"https:\/\/fabio-crea.be\/index.php\/wp-json\/wp\/v2\/types\/page"}],"author":[{"embeddable":true,"href":"https:\/\/fabio-crea.be\/index.php\/wp-json\/wp\/v2\/users\/1"}],"replies":[{"embeddable":true,"href":"https:\/\/fabio-crea.be\/index.php\/wp-json\/wp\/v2\/comments?post=762"}],"version-history":[{"count":10,"href":"https:\/\/fabio-crea.be\/index.php\/wp-json\/wp\/v2\/pages\/762\/revisions"}],"predecessor-version":[{"id":818,"href":"https:\/\/fabio-crea.be\/index.php\/wp-json\/wp\/v2\/pages\/762\/revisions\/818"}],"wp:attachment":[{"href":"https:\/\/fabio-crea.be\/index.php\/wp-json\/wp\/v2\/media?parent=762"}],"curies":[{"name":"wp","href":"https:\/\/api.w.org\/{rel}","templated":true}]}}